{"id":331,"date":"2025-07-15T16:56:52","date_gmt":"2025-07-15T13:56:52","guid":{"rendered":"https:\/\/bisaselektrik.com\/?page_id=331"},"modified":"2025-08-04T01:10:56","modified_gmt":"2025-08-03T22:10:56","slug":"bka-2000-vernik-2","status":"publish","type":"page","link":"https:\/\/bisaselektrik.com\/index.php\/bka-2000-vernik-2\/","title":{"rendered":"BKA-2000 Vernik"},"content":{"rendered":"\n<!DOCTYPE html>\n<html lang=\"tr\">\n<head>\n  <meta charset=\"UTF-8\">\n  <meta name=\"viewport\" content=\"width=device-width, initial-scale=1\">\n  <style>\n    body {\n      margin: 0;\n      font-family: Arial, sans-serif;\n    }\n\n    .urun-container {\n      max-width: 900px;\n      margin: 40px auto;\n      font-size: 14px;\n      border: 1px solid #ccc;\n      padding: 15px;\n      box-sizing: border-box;\n    }\n\n    .urun-gorsel {\n      width: 100%;\n      max-width: 300px;\n      height: auto;\n      display: block;\n      margin-bottom: 15px;\n      border: 1px solid #ccc;\n      cursor: pointer;\n      transition: 0.3s;\n    }\n\n    .urun-gorsel:hover {\n      opacity: 0.85;\n    }\n\n    .urun-tablo {\n      width: 100%;\n      border-collapse: collapse;\n    }\n\n    .urun-tablo th,\n    .urun-tablo td {\n      border: 1px solid #aaa;\n      padding: 8px;\n      text-align: left;\n    }\n\n    .urun-tablo th {\n      background-color: #f5f5f5;\n      font-weight: bold;\n      width: 30%;\n    }\n\n    \/* Lightbox *\/\n    .lightbox {\n      display: none;\n      position: fixed;\n      z-index: 1000;\n      top: 0;\n      left: 0;\n      width: 100%;\n      height: 100%;\n      background: rgba(0, 0, 0, 0.85);\n      align-items: center;\n      justify-content: center;\n    }\n\n    .lightbox img {\n      max-width: 90%;\n      max-height: 90%;\n      border: 4px solid white;\n      box-shadow: 0 0 10px black;\n    }\n\n    @media (min-width: 768px) {\n      .lightbox img {\n        max-width: 600px;\n      }\n    }\n\n    @media (max-width: 600px) {\n      .urun-container {\n        padding: 10px;\n      }\n\n      .urun-tablo th,\n      .urun-tablo td {\n        display: block;\n        width: 100%;\n      }\n\n      .urun-tablo th {\n        background-color: #f0f0f0;\n      }\n    }\n  <\/style>\n<\/head>\n<body>\n\n<div class=\"urun-container\">\n  <img decoding=\"async\" src=\"https:\/\/bisaselektrik.com\/wp-content\/uploads\/2025\/08\/BKA-2000-Vernik.png\" alt=\"BKA-2000 Vernik\" class=\"urun-gorsel\" id=\"resimKucuk\">\n\n  <table class=\"urun-tablo\">\n    <tr><th colspan=\"2\">Teknik \u00d6zellikler<\/th><\/tr>\n    <tr><th>Stok Kodu<\/th><td>BKA-2000<\/td><\/tr>\n    <tr><th>Tipi<\/th><td>Tek bile\u015fenli Poli\u00fcretan esasl\u0131 bir malzemedir.<\/td><\/tr>\n    <tr><th>Kat\u0131 Madde<\/th><td>%50 (\u00b15) a\u011f\u0131rl\u0131k\u00e7a<\/td><\/tr>\n    <tr><th>Viskozite<\/th><td>15 sn DIN CUP 4<\/td><\/tr>\n    <tr><th>\u0130nceltme \u015eekli<\/th><td>B\u0130SA\u015e BKA 2000 incelticisi<\/td><\/tr>\n    <tr><th>Uygulama \u015eekli<\/th><td>F\u0131r\u00e7a, rulo ve tabanca metoduyla uygulan\u0131r.<\/td><\/tr>\n    <tr><th>Uygulama Alan\u0131<\/th><td>Her t\u00fcrl\u00fc Transformat\u00f6rlerde, y\u00fcksek gerilim cihazlar\u0131nda, Reg\u00fclat\u00f6r gibi cihazlarda, rezonans ve titre\u015fim yolu ile meydana gelebilecek sese mani olmada, elektrik izolasyonu istenen her yerde.<\/td><\/tr>\n    <tr><th>Is\u0131 Dayan\u0131m\u0131<\/th><td>120\u00ba C<\/td><\/tr>\n    <tr><th>Elektriksel Dayan\u0131m\u0131<\/th><td>1 mm&#8217;de 6 kV delinme dayan\u0131m\u0131na sahiptir.<\/td><\/tr>\n    <tr><th>Renk<\/th><td>Transparan sar\u0131.<\/td><\/tr>\n    <tr><th>Kuruma Zaman\u0131<\/th><td>Havadaki rutubetle reaksiyona girerek polimerize olur, 2-3 saatte kurur.<\/td><\/tr>\n    <tr><th>Tatbikat\u0131<\/th><td>\n      1. Tatbikat yap\u0131lacak y\u00fczeyin kuru, temiz ve \u00fczerindeki her t\u00fcrl\u00fc ya\u011f\u0131n giderilmi\u015f olmas\u0131 gerekir.<br>\n      2. Tabanca ile at\u0131ld\u0131\u011f\u0131 takdirde %5-10 civar\u0131nda inceltilebilir.\n    <\/td><\/tr>\n    <tr><th>\u00d6zellikleri<\/th><td>\n      1. Nemli ortamlarda elektriksel bak\u0131mdan y\u00fcksek de\u011ferlere sahiptir.<br>\n      2. De\u011fi\u015fik \u015fartlarda ve bilhassa muhtelif s\u0131cakl\u0131klarda elektrik ge\u00e7irimsizli\u011fi ve di elektrik sabit say\u0131s\u0131 y\u00fcksektir.<br>\n      3. A\u015f\u0131nmaya mukavim, asit, alkalin ve di\u011fer korrozif kimyevi maddelere kar\u015f\u0131 dayan\u0131kl\u0131d\u0131r.\n    <\/td><\/tr>\n    <tr><th>Depolama<\/th><td>20\u00ba C alt\u0131nda donmaya dayan\u0131kl\u0131. Depoland\u0131\u011f\u0131nda orijinal ambalaj\u0131nda raf \u00f6mr\u00fc 6 ayd\u0131r.<\/td><\/tr>\n    <tr><th>Ambalaj<\/th><td>1, 4, 15 kg.l\u0131k teneke.<\/td><\/tr>\n  <\/table>\n<\/div>\n\n<!-- Lightbox -->\n<div class=\"lightbox\" id=\"lightbox\">\n  <img decoding=\"async\" src=\"https:\/\/bisaselektrik.com\/wp-content\/uploads\/2025\/08\/BKA-2000-Vernik.png\" alt=\"BKA-2000 Vernik - B\u00fcy\u00fck G\u00f6rsel\">\n<\/div>\n\n<script>\n  const lightbox = document.getElementById(\"lightbox\");\n  const resimKucuk = document.getElementById(\"resimKucuk\");\n\n  resimKucuk.addEventListener(\"click\", () => {\n    lightbox.style.display = \"flex\";\n  });\n\n  lightbox.addEventListener(\"click\", (e) => {\n    if (e.target === lightbox) {\n      lightbox.style.display = \"none\";\n    }\n  });\n<\/script>\n\n<\/body>\n<\/html>\n\n","protected":false},"excerpt":{"rendered":"<p>Teknik \u00d6zellikler Stok Kodu BKA-2000 Tipi Tek bile\u015fenli Poli\u00fcretan esasl\u0131 bir malzemedir. Kat\u0131 Madde %50 (\u00b15) a\u011f\u0131rl\u0131k\u00e7a Viskozite 15 sn DIN CUP 4 \u0130nceltme \u015eekli B\u0130SA\u015e BKA 2000 incelticisi Uygulama \u015eekli F\u0131r\u00e7a, rulo ve tabanca metoduyla uygulan\u0131r. Uygulama Alan\u0131 Her t\u00fcrl\u00fc Transformat\u00f6rlerde, y\u00fcksek gerilim cihazlar\u0131nda, Reg\u00fclat\u00f6r gibi cihazlarda, rezonans ve titre\u015fim yolu ile meydana gelebilecek&hellip;<\/p>\n","protected":false},"author":1,"featured_media":0,"parent":0,"menu_order":0,"comment_status":"closed","ping_status":"closed","template":"","meta":{"footnotes":""},"class_list":["post-331","page","type-page","status-publish","hentry"],"_links":{"self":[{"href":"https:\/\/bisaselektrik.com\/index.php\/wp-json\/wp\/v2\/pages\/331","targetHints":{"allow":["GET"]}}],"collection":[{"href":"https:\/\/bisaselektrik.com\/index.php\/wp-json\/wp\/v2\/pages"}],"about":[{"href":"https:\/\/bisaselektrik.com\/index.php\/wp-json\/wp\/v2\/types\/page"}],"author":[{"embeddable":true,"href":"https:\/\/bisaselektrik.com\/index.php\/wp-json\/wp\/v2\/users\/1"}],"replies":[{"embeddable":true,"href":"https:\/\/bisaselektrik.com\/index.php\/wp-json\/wp\/v2\/comments?post=331"}],"version-history":[{"count":8,"href":"https:\/\/bisaselektrik.com\/index.php\/wp-json\/wp\/v2\/pages\/331\/revisions"}],"predecessor-version":[{"id":748,"href":"https:\/\/bisaselektrik.com\/index.php\/wp-json\/wp\/v2\/pages\/331\/revisions\/748"}],"wp:attachment":[{"href":"https:\/\/bisaselektrik.com\/index.php\/wp-json\/wp\/v2\/media?parent=331"}],"curies":[{"name":"wp","href":"https:\/\/api.w.org\/{rel}","templated":true}]}}