{"id":32,"date":"2025-07-09T17:08:22","date_gmt":"2025-07-09T14:08:22","guid":{"rendered":"https:\/\/bisaselektrik.com\/?page_id=32"},"modified":"2025-10-16T11:38:49","modified_gmt":"2025-10-16T08:38:49","slug":"iletisim","status":"publish","type":"page","link":"https:\/\/bisaselektrik.com\/index.php\/iletisim\/","title":{"rendered":"\u0130leti\u015fim"},"content":{"rendered":"\n<style>\n  .iletisim-butonlari {\n    display: flex;\n    justify-content: center;\n    gap: 30px;\n    margin-top: 40px;\n    flex-wrap: nowrap;\n    max-width: 600px; \/* 5 buton i\u00e7in geni\u015flik art\u0131r\u0131ld\u0131 *\/\n    margin-left: auto;\n    margin-right: auto;\n  }\n\n  .iletisim-buton {\n    width: 80px;\n    height: 80px;\n    border: 3px solid red;\n    border-radius: 50%;\n    background-color: white;\n    box-shadow: 0 4px 10px rgba(0,0,0,0.1);\n    display: flex;\n    justify-content: center;\n    align-items: center;\n    transition: transform 0.2s ease;\n    cursor: pointer;\n    text-decoration: none;\n  }\n\n  .iletisim-buton:hover {\n    transform: scale(1.07);\n  }\n\n  .iletisim-buton img {\n    width: 60%;\n    height: 60%;\n  }\n\n  @media (max-width: 1200px) {\n    .iletisim-butonlari {\n      max-width: 450px; \/* 5*60 + 4*20 bo\u015fluk *\/\n      gap: 20px;\n    }\n    .iletisim-buton {\n      width: 60px;\n      height: 60px;\n    }\n    .iletisim-buton img {\n      width: 65%;\n      height: 65%;\n    }\n  }\n\n  @media (max-width: 480px) {\n    .iletisim-butonlari {\n      max-width: 340px; \/* 5*50 + 4*15 bo\u015fluk *\/\n      gap: 15px;\n    }\n    .iletisim-buton {\n      width: 50px;\n      height: 50px;\n    }\n    .iletisim-buton img {\n      width: 70%;\n      height: 70%;\n    }\n  }\n<\/style>\n\n<div class=\"iletisim-butonlari\">\n\n  <!-- Instagram -->\n  <a href=\"https:\/\/www.instagram.com\/bisaselektrik\/?fbclid=IwY2xjawMac4xleHRuA2FlbQIxMQBicmlkETFRSEFNY2c0eWhUNk1uYXd4AR6dELSuXmHtrcM06aCaNX5tiSslMQU-NzrY8WAZdbahR3mlH1K3GA8T9N464A_aem_FeBGetrHzD6qMwv_2Au0lw\" target=\"_blank\" class=\"iletisim-buton\">\n    <img decoding=\"async\" src=\"\/wp-content\/uploads\/2025\/07\/instagramm.png\" alt=\"Instagram\">\n  <\/a>\n\n  <!-- Facebook -->\n  <a href=\"https:\/\/www.facebook.com\/profile.php?id=61578944252582#\" target=\"_blank\" class=\"iletisim-buton\">\n    <img decoding=\"async\" src=\"\/wp-content\/uploads\/2025\/07\/facebookk.png\" alt=\"Facebook\">\n  <\/a>\n\n  <!-- E-posta -->\n  <a href=\"mailto:info@bisaskimya.com\" class=\"iletisim-buton\">\n    <img decoding=\"async\" src=\"\/wp-content\/uploads\/2025\/07\/e-postaa.png\" alt=\"E-posta\">\n  <\/a>\n\n  <!-- LinkedIn -->\n  <a href=\"https:\/\/linkedin.com\" target=\"_blank\" class=\"iletisim-buton\">\n    <img decoding=\"async\" src=\"https:\/\/bisaselektrik.com\/wp-content\/uploads\/2025\/07\/linkedin.png\" alt=\"LinkedIn\">\n  <\/a>\n\n<\/div>\n\n\n\n<p><\/p>\n\n\n\n<div class=\"harita-container\">\n  <iframe\n    src=\"https:\/\/www.google.com\/maps\/embed?pb=!1m18!1m12!1m3!1d7161.565488513381!2d28.681863247108378!3d41.00189853683447!2m3!1f0!2f0!3f0!3m2!1i1024!2i768!4f13.1!3m3!1m2!1s0x14cab9e66220e9e3%3A0x4da00a4772db70ff!2sBisa%C5%9F%20Elektrik%20ve%20%C4%B0zolasyon%20Malzemeleri%20San.Ltd.%C5%9Eti.!5e0!3m2!1str!2str!4v1756213720698!5m2!1str!2str\"\n    width=\"100%\"\n    height=\"450\"\n    style=\"border:0; border-radius:16px;\"\n    allowfullscreen=\"\"\n    loading=\"eager\"\n    referrerpolicy=\"no-referrer-when-downgrade\"\n  ><\/iframe>\n\n  <div class=\"kartvizit-wrapper\">\n    <div class=\"kartvizit-overlay\">\n      <div class=\"kartvizit\">\n        <a\n          class=\"kutucuk\"\n          href=\"https:\/\/maps.google.com\/?q=Yakuplu Mah. Haramidere Sanayi Sitesi O Blok No:114, Beylikd\u00fcz\u00fc \/ \u0130stanbul\"\n          target=\"_blank\"\n          >\ud83d\udccd Yakuplu Mah. Haramidere Sanayi Sitesi O Blok No:114, Beylikd\u00fcz\u00fc \/ \u0130stanbul<\/a\n        >\n      <div class=\"kutucuk\">\n  <a href=\"tel:+902124221164\">\ud83d\udcde +90 212 422 11 64<\/a>\n  <a href=\"tel:+902124221165\">\ud83d\udcde +90 212 422 11 65<\/a>\n<\/div>\n        <a class=\"kutucuk\" href=\"mailto:info@bisas.com.tr\"\n          >\u2709\ufe0f info@bisaskimya.com<\/a\n        >\n      <\/div>\n    <\/div>\n  <\/div>\n<\/div>\n\n<style>\n  .harita-container {\n    position: relative;\n    width: 100%;\n    max-width: 1100px;\n    margin: 0 auto;\n    border-radius: 16px;\n    overflow: hidden;\n  }\n\n  .harita-container iframe {\n    display: block;\n    width: 100%;\n    height: 450px;\n    border-radius: 16px;\n    border: none;\n  }\n\n  .kartvizit-wrapper {\n    position: absolute;\n    top: 0;\n    left: 0;\n    width: 100%;\n    height: 100%;\n    display: flex;\n    align-items: center;\n    justify-content: center;\n    pointer-events: none;\n  }\n\n  .kartvizit-overlay {\n    background: rgba(0, 0, 0, 0.6);\n    padding: 24px;\n    border-radius: 16px;\n    max-width: 320px;\n    width: 90%;\n    pointer-events: auto;\n  }\n\n  .kartvizit {\n    display: flex;\n    flex-direction: column;\n    gap: 12px;\n    text-align: center;\n    font-family: Arial, sans-serif;\n  }\n\n  .kutucuk {\n    display: block;\n    background: rgba(0, 0, 0, 0.45);\n    color: #fff;\n    padding: 10px 16px;\n    border-radius: 8px;\n    font-size: 15px;\n    font-weight: 600;\n    text-decoration: none;\n    transition: all 0.3s ease;\n    word-wrap: break-word;\n    text-shadow: none;\n  }\n\n.kutucuk a {\n  display: block;     \n  color: white;\n  text-decoration: none;\n  font-weight: bold;\n  line-height: 1.6;\n  transition: transform 0.2s ease;\n}\n\n.kutucuk a:hover {\n color: #d60000;\n    text-shadow: 0 0 8px #d60000, 0 0 15px #d60000;\n    cursor: pointer;\n    background: rgba(0, 0, 0, 0.85);\n}\n\n  .kutucuk:hover {\n    color: #d60000;\n    text-shadow: 0 0 8px #d60000, 0 0 15px #d60000;\n    cursor: pointer;\n    background: rgba(0, 0, 0, 0.85);\n  }\n<\/style>\n","protected":false},"excerpt":{"rendered":"<p>\ud83d\udccd Yakuplu Mah. Haramidere Sanayi Sitesi O Blok No:114, Beylikd\u00fcz\u00fc \/ \u0130stanbul \ud83d\udcde +90 212 422 11 64 \ud83d\udcde +90 212 422 11 65 \u2709\ufe0f info@bisaskimya.com<\/p>\n","protected":false},"author":1,"featured_media":0,"parent":0,"menu_order":0,"comment_status":"closed","ping_status":"closed","template":"","meta":{"footnotes":""},"class_list":["post-32","page","type-page","status-publish","hentry"],"_links":{"self":[{"href":"https:\/\/bisaselektrik.com\/index.php\/wp-json\/wp\/v2\/pages\/32","targetHints":{"allow":["GET"]}}],"collection":[{"href":"https:\/\/bisaselektrik.com\/index.php\/wp-json\/wp\/v2\/pages"}],"about":[{"href":"https:\/\/bisaselektrik.com\/index.php\/wp-json\/wp\/v2\/types\/page"}],"author":[{"embeddable":true,"href":"https:\/\/bisaselektrik.com\/index.php\/wp-json\/wp\/v2\/users\/1"}],"replies":[{"embeddable":true,"href":"https:\/\/bisaselektrik.com\/index.php\/wp-json\/wp\/v2\/comments?post=32"}],"version-history":[{"count":42,"href":"https:\/\/bisaselektrik.com\/index.php\/wp-json\/wp\/v2\/pages\/32\/revisions"}],"predecessor-version":[{"id":2096,"href":"https:\/\/bisaselektrik.com\/index.php\/wp-json\/wp\/v2\/pages\/32\/revisions\/2096"}],"wp:attachment":[{"href":"https:\/\/bisaselektrik.com\/index.php\/wp-json\/wp\/v2\/media?parent=32"}],"curies":[{"name":"wp","href":"https:\/\/api.w.org\/{rel}","templated":true}]}}