{"id":308,"date":"2025-07-15T15:49:14","date_gmt":"2025-07-15T12:49:14","guid":{"rendered":"https:\/\/bisaselektrik.com\/?page_id=308"},"modified":"2025-08-04T00:15:57","modified_gmt":"2025-08-03T21:15:57","slug":"rp-100-hava-kurumali-vernik-2","status":"publish","type":"page","link":"https:\/\/bisaselektrik.com\/index.php\/rp-100-hava-kurumali-vernik-2\/","title":{"rendered":"RP-100 Hava Kurumal\u0131 Vernik"},"content":{"rendered":"\n<!DOCTYPE html>\n<html lang=\"tr\">\n<head>\n  <meta charset=\"UTF-8\">\n  <meta name=\"viewport\" content=\"width=device-width, initial-scale=1\">\n  <style>\n    body {\n      margin: 0;\n      font-family: Arial, sans-serif;\n    }\n\n    .urun-container {\n      max-width: 900px;\n      margin: 40px auto;\n      font-size: 14px;\n      border: 1px solid #ccc;\n      padding: 15px;\n      box-sizing: border-box;\n    }\n\n    .urun-gorsel {\n      width: 100%;\n      max-width: 300px;\n      height: auto;\n      display: block;\n      margin-bottom: 15px;\n      border: 1px solid #ccc;\n      cursor: pointer;\n      transition: 0.3s;\n    }\n\n    .urun-gorsel:hover {\n      opacity: 0.85;\n    }\n\n    .urun-tablo {\n      width: 100%;\n      border-collapse: collapse;\n    }\n\n    .urun-tablo th,\n    .urun-tablo td {\n      border: 1px solid #aaa;\n      padding: 8px;\n      text-align: left;\n    }\n\n    .urun-tablo th {\n      background-color: #f5f5f5;\n      font-weight: bold;\n      width: 30%;\n    }\n\n    \/* Lightbox *\/\n    .lightbox {\n      display: none;\n      position: fixed;\n      z-index: 1000;\n      top: 0;\n      left: 0;\n      width: 100%;\n      height: 100%;\n      background: rgba(0, 0, 0, 0.85);\n      align-items: center;\n      justify-content: center;\n    }\n\n    .lightbox img {\n      max-width: 90%;\n      max-height: 90%;\n      border: 4px solid white;\n      box-shadow: 0 0 10px black;\n    }\n\n    @media (min-width: 768px) {\n      .lightbox img {\n        max-width: 600px;\n      }\n    }\n\n    @media (max-width: 600px) {\n      .urun-container {\n        padding: 10px;\n      }\n\n      .urun-tablo th,\n      .urun-tablo td {\n        display: block;\n        width: 100%;\n      }\n\n      .urun-tablo th {\n        background-color: #f0f0f0;\n      }\n    }\n  <\/style>\n<\/head>\n<body>\n\n<div class=\"urun-container\">\n  <img decoding=\"async\" src=\"https:\/\/bisaselektrik.com\/wp-content\/uploads\/2025\/07\/RP-100-hava-kurumali-vernik.png\" alt=\"RP-100 Hava Kurumal\u0131 Vernik\" class=\"urun-gorsel\" id=\"resimKucuk\">\n\n  <table class=\"urun-tablo\">\n    <tr><th colspan=\"2\">Teknik \u00d6zellikler<\/th><\/tr>\n    <tr><th>\u00dcr\u00fcn Ad\u0131<\/th><td>RP-100 Hava Kurumal\u0131 Vernik<\/td><\/tr>\n    <tr><th>Stok Kodu<\/th><td>RP-100 <\/td><\/tr>\n    <tr><th>Tipi<\/th><td>Modifiye alkid re\u00e7ine bazl\u0131, hava kurumal\u0131 son kat y\u00fczey izolasyon verni\u011fi<\/td><\/tr>\n    <tr><th>Kat\u0131 Madde<\/th><td>%50 (\u00b15) a\u011f\u0131rl\u0131k\u00e7a (ASTM D 2697, DIN 53216)<\/td><\/tr>\n    <tr><th>Viskozite<\/th><td>23\u00b0C\u2019de 150-260 mPa.s (ASTM D 1200), 20\u00b0C\u2019de 90 sn DIN CUP 4 (DIN 53211)<\/td><\/tr>\n    <tr><th>Yo\u011funluk<\/th><td>0,900 gr\/cm\u00b3 (23\u00baC ASTM D 1475, 20\u00baC DIN 51757)<\/td><\/tr>\n    <tr><th>\u0130nceltme<\/th><td>B\u0130SA\u015e RP-100 inceltici<\/td><\/tr>\n    <tr><th>Uygulama \u015eekli<\/th><td>Pistole, dald\u0131rma, f\u0131r\u00e7a<\/td><\/tr>\n    <tr><th>Uygulama Alan\u0131<\/th><td>Al\u00e7ak ve orta gerilim motor bobinaj\u0131, k\u00fc\u00e7\u00fck ve orta boy trafolar izolasyonu<\/td><\/tr>\n    <tr><th>Is\u0131 Dayan\u0131m\u0131<\/th><td>F s\u0131cakl\u0131k s\u0131n\u0131f\u0131<\/td><\/tr>\n    <tr><th>Elektriksel Dayan\u0131m<\/th><td>1 mm\u2019de minimum 6 kV, maksimum 9 kV delinme dayan\u0131m\u0131<\/td><\/tr>\n    <tr><th>Renk<\/th><td>Saydam k\u0131rm\u0131z\u0131<\/td><\/tr>\n    <tr><th>Kuruma Zaman\u0131<\/th><td>Oda s\u0131cakl\u0131\u011f\u0131nda \u00f6n kuruma 30 dakika, esnek sert tam kuruma 4 saat<\/td><\/tr>\n    <tr><th>Kullan\u0131m Notlar\u0131<\/th><td>Dald\u0131rma uygulamas\u0131nda haznede kabuk yapmaz. Malzeme yo\u011funla\u015fmas\u0131 varsa 70\u00baC\u2019de 1 saat f\u0131r\u0131nlama tavsiye edilir.<\/td><\/tr>\n    <tr><th>Kullan\u0131m \u015eekli<\/th><td>Rutubete dayan\u0131kl\u0131, termoplastik, \u0131s\u0131 de\u011fi\u015fimine kar\u015f\u0131 diren\u00e7li<\/td><\/tr>\n    <tr><th>Depolama<\/th><td>Uygun ko\u015fullarda 1 y\u0131l<\/td><\/tr>\n    <tr><th>Ambalaj<\/th><td>18 kg teneke, 180 kg f\u0131\u00e7\u0131<\/td><\/tr>\n  <\/table>\n<\/div>\n\n<!-- Lightbox -->\n<div class=\"lightbox\" id=\"lightbox\">\n  <img decoding=\"async\" src=\"\/wp-content\/uploads\/2025\/07\/RP-100-hava-kurumali-vernik.png\" alt=\"RP-100 Hava Kurumal\u0131 Vernik - B\u00fcy\u00fck G\u00f6rsel\">\n<\/div>\n\n<script>\n  const lightbox = document.getElementById(\"lightbox\");\n  const resimKucuk = document.getElementById(\"resimKucuk\");\n\n  resimKucuk.addEventListener(\"click\", () => {\n    lightbox.style.display = \"flex\";\n  });\n\n  lightbox.addEventListener(\"click\", (e) => {\n    if (e.target === lightbox) {\n      lightbox.style.display = \"none\";\n    }\n  });\n<\/script>\n\n<\/body>\n<\/html>\n\n","protected":false},"excerpt":{"rendered":"<p>Teknik \u00d6zellikler \u00dcr\u00fcn Ad\u0131 RP-100 Hava Kurumal\u0131 Vernik Stok Kodu RP-100 Tipi Modifiye alkid re\u00e7ine bazl\u0131, hava kurumal\u0131 son kat y\u00fczey izolasyon verni\u011fi Kat\u0131 Madde %50 (\u00b15) a\u011f\u0131rl\u0131k\u00e7a (ASTM D 2697, DIN 53216) Viskozite 23\u00b0C\u2019de 150-260 mPa.s (ASTM D 1200), 20\u00b0C\u2019de 90 sn DIN CUP 4 (DIN 53211) Yo\u011funluk 0,900 gr\/cm\u00b3 (23\u00baC ASTM D 1475,&hellip;<\/p>\n","protected":false},"author":1,"featured_media":0,"parent":0,"menu_order":0,"comment_status":"closed","ping_status":"closed","template":"","meta":{"footnotes":""},"class_list":["post-308","page","type-page","status-publish","hentry"],"_links":{"self":[{"href":"https:\/\/bisaselektrik.com\/index.php\/wp-json\/wp\/v2\/pages\/308","targetHints":{"allow":["GET"]}}],"collection":[{"href":"https:\/\/bisaselektrik.com\/index.php\/wp-json\/wp\/v2\/pages"}],"about":[{"href":"https:\/\/bisaselektrik.com\/index.php\/wp-json\/wp\/v2\/types\/page"}],"author":[{"embeddable":true,"href":"https:\/\/bisaselektrik.com\/index.php\/wp-json\/wp\/v2\/users\/1"}],"replies":[{"embeddable":true,"href":"https:\/\/bisaselektrik.com\/index.php\/wp-json\/wp\/v2\/comments?post=308"}],"version-history":[{"count":18,"href":"https:\/\/bisaselektrik.com\/index.php\/wp-json\/wp\/v2\/pages\/308\/revisions"}],"predecessor-version":[{"id":740,"href":"https:\/\/bisaselektrik.com\/index.php\/wp-json\/wp\/v2\/pages\/308\/revisions\/740"}],"wp:attachment":[{"href":"https:\/\/bisaselektrik.com\/index.php\/wp-json\/wp\/v2\/media?parent=308"}],"curies":[{"name":"wp","href":"https:\/\/api.w.org\/{rel}","templated":true}]}}