{"id":304,"date":"2025-07-15T15:38:58","date_gmt":"2025-07-15T12:38:58","guid":{"rendered":"https:\/\/bisaselektrik.com\/?page_id=304"},"modified":"2025-08-04T00:23:46","modified_gmt":"2025-08-03T21:23:46","slug":"bisaslak-hava-kurumali-vernik","status":"publish","type":"page","link":"https:\/\/bisaselektrik.com\/index.php\/bisaslak-hava-kurumali-vernik\/","title":{"rendered":"Bisa\u015flak Hava Kurumal\u0131 vernik"},"content":{"rendered":"\n<!DOCTYPE html>\n<html lang=\"tr\">\n<head>\n  <meta charset=\"UTF-8\">\n  <meta name=\"viewport\" content=\"width=device-width, initial-scale=1\">\n  <style>\n    body {\n      margin: 0;\n      font-family: Arial, sans-serif;\n    }\n\n    .urun-container {\n      max-width: 900px;\n      margin: 40px auto;\n      font-size: 14px;\n      border: 1px solid #ccc;\n      padding: 15px;\n      box-sizing: border-box;\n    }\n\n    .urun-gorsel {\n      width: 100%;\n      max-width: 300px;\n      height: auto;\n      display: block;\n      margin-bottom: 15px;\n      border: 1px solid #ccc;\n      cursor: pointer;\n      transition: 0.3s;\n    }\n\n    .urun-gorsel:hover {\n      opacity: 0.85;\n    }\n\n    .urun-tablo {\n      width: 100%;\n      border-collapse: collapse;\n    }\n\n    .urun-tablo th,\n    .urun-tablo td {\n      border: 1px solid #aaa;\n      padding: 8px;\n      text-align: left;\n    }\n\n    .urun-tablo th {\n      background-color: #f5f5f5;\n      font-weight: bold;\n      width: 30%;\n    }\n\n    \/* Lightbox *\/\n    .lightbox {\n      display: none;\n      position: fixed;\n      z-index: 1000;\n      top: 0;\n      left: 0;\n      width: 100%;\n      height: 100%;\n      background: rgba(0, 0, 0, 0.85);\n      align-items: center;\n      justify-content: center;\n    }\n\n    .lightbox img {\n      max-width: 90%;\n      max-height: 90%;\n      border: 4px solid white;\n      box-shadow: 0 0 10px black;\n    }\n\n    @media (min-width: 768px) {\n      .lightbox img {\n        max-width: 600px;\n      }\n    }\n\n    @media (max-width: 600px) {\n      .urun-container {\n        padding: 10px;\n      }\n\n      .urun-tablo th,\n      .urun-tablo td {\n        display: block;\n        width: 100%;\n      }\n\n      .urun-tablo th {\n        background-color: #f0f0f0;\n      }\n    }\n  <\/style>\n<\/head>\n<body>\n\n<div class=\"urun-container\">\n  <img decoding=\"async\" src=\"https:\/\/bisaselektrik.com\/wp-content\/uploads\/2025\/07\/Bisaslak-hava-kurumali-vernik.png\" alt=\"BK-104 Hava Kurumal\u0131 Vernik\" class=\"urun-gorsel\" id=\"resimKucuk\">\n\n  <table class=\"urun-tablo\">\n    <tr><th colspan=\"2\">Teknik \u00d6zellikler<\/th><\/tr>\n    <tr><th>Stok Kod No<\/th><td>BK 104<\/td><\/tr>\n    <tr><th>Tipi<\/th><td>Alkid &#8211; amino re\u00e7in kombinasyonuyla haz\u0131rlanm\u0131\u015f f\u0131r\u0131n kurumal\u0131 emprenye izolasyon verni\u011fidir. H s\u0131n\u0131f\u0131 \u00f6zelli\u011fine sahiptir.<\/td><\/tr>\n    <tr><th>Kat\u0131 Madde<\/th><td>%48 (\u00b15) a\u011f\u0131rl\u0131k\u00e7a (DIN 53216)<\/td><\/tr>\n    <tr><th>Viskozite<\/th><td>20\u00b0C\u2019de 45 sn. DIN CUP 4 (DIN 53211)<\/td><\/tr>\n    <tr><th>Yo\u011funluk<\/th><td>0,900 gr\/cm\u00b3 (20\u00b0C, DIN 51757)<\/td><\/tr>\n    <tr><th>\u0130nceltme \u015eekli<\/th><td>B\u0130SA\u015e RP-400 \u0130ncelticisi<\/td><\/tr>\n    <tr><th>Uygulama \u015eekli<\/th><td>Dald\u0131rma, pistole, vakum emprenye<\/td><\/tr>\n    <tr><th>Uygulama Alan\u0131<\/th><td>Mekanik kuvvetlerin y\u00fcksek oldu\u011fu, olduk\u00e7a sessiz \u00e7al\u0131\u015fmas\u0131 gereken motor ve elektrik sarg\u0131l\u0131 cihazlarda kullan\u0131l\u0131r.<\/td><\/tr>\n    <tr><th>Is\u0131 Dayan\u0131m\u0131<\/th><td>H s\u0131cakl\u0131k s\u0131n\u0131f\u0131ndad\u0131r.<\/td><\/tr>\n    <tr><th>Elektriksel Dayan\u0131m\u0131<\/th><td>1 mm&#8217;de 10 kV delinme dayan\u0131m\u0131na sahiptir.<\/td><\/tr>\n    <tr><th>Renk<\/th><td>Renksiz, saydam<\/td><\/tr>\n    <tr><th>Kuruma Zaman\u0131<\/th><td>120\u00baC\u2019de 3 saat<\/td><\/tr>\n    <tr><th>\u00d6zellikleri<\/th><td>\u2022 Mekanik kuvvetlere kar\u015f\u0131 iyi ba\u011flay\u0131c\u0131 \u00f6zelliktedir.<br>\u2022 Sert bir film olu\u015fturmas\u0131na ra\u011fmen esnektir.<\/td><\/tr>\n    <tr><th>Depolama<\/th><td>\u2022 Y\u00fczeye \u00e7ok iyi yap\u0131\u015fmas\u0131yla \u00e7atlama ve k\u0131r\u0131lma yapmaz.<br>\u2022 D\u0131\u015f etkilere kar\u015f\u0131 dayan\u0131kl\u0131d\u0131r.<br>\u2022 Termoplast \u00f6zelli\u011finden dolay\u0131 y\u00fcksek s\u0131cakl\u0131klarda s\u00fcrekli \u00e7al\u0131\u015fmaya elveri\u015flidir.<\/td><\/tr>\n    <tr><th>Ambalaj<\/th><td>1 &#8211; 4 &#8211; 17 kg teneke (Uygun depolama \u015fartlar\u0131nda 6 ay)<\/td><\/tr>\n  <\/table>\n<\/div>\n\n<!-- Lightbox -->\n<div class=\"lightbox\" id=\"lightbox\">\n  <img decoding=\"async\" src=\"https:\/\/bisaselektrik.com\/wp-content\/uploads\/2025\/07\/Bisaslak-hava-kurumali-vernik.png\" alt=\"BK-104 Hava Kurumal\u0131 Vernik - B\u00fcy\u00fck G\u00f6rsel\">\n<\/div>\n\n<script>\n  const lightbox = document.getElementById(\"lightbox\");\n  const resimKucuk = document.getElementById(\"resimKucuk\");\n\n  resimKucuk.addEventListener(\"click\", () => {\n    lightbox.style.display = \"flex\";\n  });\n\n  lightbox.addEventListener(\"click\", (e) => {\n    if (e.target === lightbox) {\n      lightbox.style.display = \"none\";\n    }\n  });\n<\/script>\n\n<\/body>\n<\/html>\n\n","protected":false},"excerpt":{"rendered":"<p>Teknik \u00d6zellikler Stok Kod No BK 104 Tipi Alkid &#8211; amino re\u00e7in kombinasyonuyla haz\u0131rlanm\u0131\u015f f\u0131r\u0131n kurumal\u0131 emprenye izolasyon verni\u011fidir. H s\u0131n\u0131f\u0131 \u00f6zelli\u011fine sahiptir. Kat\u0131 Madde %48 (\u00b15) a\u011f\u0131rl\u0131k\u00e7a (DIN 53216) Viskozite 20\u00b0C\u2019de 45 sn. DIN CUP 4 (DIN 53211) Yo\u011funluk 0,900 gr\/cm\u00b3 (20\u00b0C, DIN 51757) \u0130nceltme \u015eekli B\u0130SA\u015e RP-400 \u0130ncelticisi Uygulama \u015eekli Dald\u0131rma, pistole, vakum&hellip;<\/p>\n","protected":false},"author":1,"featured_media":0,"parent":0,"menu_order":0,"comment_status":"closed","ping_status":"closed","template":"","meta":{"footnotes":""},"class_list":["post-304","page","type-page","status-publish","hentry"],"_links":{"self":[{"href":"https:\/\/bisaselektrik.com\/index.php\/wp-json\/wp\/v2\/pages\/304","targetHints":{"allow":["GET"]}}],"collection":[{"href":"https:\/\/bisaselektrik.com\/index.php\/wp-json\/wp\/v2\/pages"}],"about":[{"href":"https:\/\/bisaselektrik.com\/index.php\/wp-json\/wp\/v2\/types\/page"}],"author":[{"embeddable":true,"href":"https:\/\/bisaselektrik.com\/index.php\/wp-json\/wp\/v2\/users\/1"}],"replies":[{"embeddable":true,"href":"https:\/\/bisaselektrik.com\/index.php\/wp-json\/wp\/v2\/comments?post=304"}],"version-history":[{"count":5,"href":"https:\/\/bisaselektrik.com\/index.php\/wp-json\/wp\/v2\/pages\/304\/revisions"}],"predecessor-version":[{"id":786,"href":"https:\/\/bisaselektrik.com\/index.php\/wp-json\/wp\/v2\/pages\/304\/revisions\/786"}],"wp:attachment":[{"href":"https:\/\/bisaselektrik.com\/index.php\/wp-json\/wp\/v2\/media?parent=304"}],"curies":[{"name":"wp","href":"https:\/\/api.w.org\/{rel}","templated":true}]}}