{"id":295,"date":"2025-07-15T15:21:18","date_gmt":"2025-07-15T12:21:18","guid":{"rendered":"https:\/\/bisaselektrik.com\/?page_id=295"},"modified":"2025-08-04T00:28:35","modified_gmt":"2025-08-03T21:28:35","slug":"varol-izolasyon-sivisi","status":"publish","type":"page","link":"https:\/\/bisaselektrik.com\/index.php\/varol-izolasyon-sivisi\/","title":{"rendered":"Varol \u0130zolasyon S\u0131v\u0131s\u0131"},"content":{"rendered":"\n<!DOCTYPE html>\n<html lang=\"tr\">\n<head>\n  <meta charset=\"UTF-8\">\n  <meta name=\"viewport\" content=\"width=device-width, initial-scale=1\">\n  <style>\n    body {\n      margin: 0;\n      font-family: Arial, sans-serif;\n    }\n\n    .urun-container {\n      max-width: 900px;\n      margin: 40px auto;\n      font-size: 14px;\n      border: 1px solid #ccc;\n      padding: 15px;\n      box-sizing: border-box;\n    }\n\n    .urun-gorsel {\n      width: 100%;\n      max-width: 300px;\n      height: auto;\n      display: block;\n      margin-bottom: 15px;\n      border: 1px solid #ccc;\n      cursor: pointer;\n      transition: 0.3s;\n    }\n\n    .urun-gorsel:hover {\n      opacity: 0.85;\n    }\n\n    .urun-tablo {\n      width: 100%;\n      border-collapse: collapse;\n    }\n\n    .urun-tablo th,\n    .urun-tablo td {\n      border: 1px solid #aaa;\n      padding: 8px;\n      text-align: left;\n    }\n\n    .urun-tablo th {\n      background-color: #f5f5f5;\n      font-weight: bold;\n      width: 30%;\n    }\n\n    \/* Lightbox *\/\n    .lightbox {\n      display: none;\n      position: fixed;\n      z-index: 1000;\n      top: 0;\n      left: 0;\n      width: 100%;\n      height: 100%;\n      background: rgba(0, 0, 0, 0.85);\n      align-items: center;\n      justify-content: center;\n    }\n\n    .lightbox img {\n      max-width: 90%;\n      max-height: 90%;\n      border: 4px solid white;\n      box-shadow: 0 0 10px black;\n    }\n\n    @media (min-width: 768px) {\n      .lightbox img {\n        max-width: 600px;\n      }\n    }\n\n    @media (max-width: 600px) {\n      .urun-container {\n        padding: 10px;\n      }\n\n      .urun-tablo th,\n      .urun-tablo td {\n        display: block;\n        width: 100%;\n      }\n\n      .urun-tablo th {\n        background-color: #f0f0f0;\n      }\n    }\n  <\/style>\n<\/head>\n<body>\n\n<div class=\"urun-container\">\n  <img decoding=\"async\" src=\"https:\/\/bisaselektrik.com\/wp-content\/uploads\/2025\/08\/Varol-izolasyon-sivisi-Motor-bobinaj-vernigi.png\" alt=\"VR 101 \u0130zolasyon Vernik\" class=\"urun-gorsel\" id=\"resimKucuk\">\n\n  <table class=\"urun-tablo\">\n    <tr><th colspan=\"2\">Teknik \u00d6zellikler<\/th><\/tr>\n    <tr><th>Stok Kod No<\/th><td>VR 101<\/td><\/tr>\n    <tr><th>Tipi<\/th><td>Kimyasal re\u00e7inelerden haz\u0131rlanm\u0131\u015f hava kurumal\u0131 klasik motor bobinaj izolasyon verni\u011fidir.<\/td><\/tr>\n    <tr><th>Kat\u0131 Madde<\/th><td>% 28 (\u00b12) a\u011f\u0131rl\u0131k\u00e7a (DIN 53216)<\/td><\/tr>\n    <tr><th>Viskosite<\/th><td>20\u00b0 C\u2019de, 50 sn. DIN CUP 4 (DIN 53211)<\/td><\/tr>\n    <tr><th>Yo\u011funluk<\/th><td>0,900 gr\/cm\u00b3 20\u00ba C\u2019de (DIN 51757)<\/td><\/tr>\n    <tr><th>\u0130nceltme \u015eekli<\/th><td>B\u0130SA\u015e RP-100 \u0130ncelticisi<\/td><\/tr>\n    <tr><th>Uygulama \u015eekli<\/th><td>Dald\u0131rma, f\u0131r\u00e7a, vakum emprenye<\/td><\/tr>\n    <tr><th>Uygulama Alan\u0131<\/th><td>A\u00e7ak ve Orta Gerilim Motor bobinaj\u0131. K\u00fc\u00e7\u00fck ve Orta boy Trafolar\u0131n \u0130zole edilmesi amac\u0131yla kullan\u0131l\u0131r.<\/td><\/tr>\n    <tr><th>Is\u0131 Dayan\u0131m\u0131<\/th><td>155\u00ba C<\/td><\/tr>\n    <tr><th>Elektriksel Dayan\u0131m\u0131<\/th><td>1 mm&#8217;de 6 kV delinme dayan\u0131m\u0131na sahiptir.<\/td><\/tr>\n    <tr><th>Renk<\/th><td>\u015eeffaf, sar\u0131, k\u0131rm\u0131z\u0131<\/td><\/tr>\n    <tr><th>Kuruma Zaman\u0131<\/th><td>Oda s\u0131cakl\u0131\u011f\u0131nda \u00f6n kuruma 30 dakika<\/td><\/tr>\n    <tr><th>Kuruma \u015eekli<\/th><td>Hava Kurumal\u0131<\/td><\/tr>\n    <tr><th>Depolama<\/th><td>Uygun depolama \u015fartlar\u0131nda kendi ambalaj\u0131nda s\u0131n\u0131rs\u0131z<\/td><\/tr>\n    <tr><th>Ambalaj<\/th><td>1 &#8211; 4 &#8211; 17 kg. l\u0131k teneke<\/td><\/tr>\n  <\/table>\n<\/div>\n\n<!-- Lightbox -->\n<div class=\"lightbox\" id=\"lightbox\">\n  <img decoding=\"async\" src=\"https:\/\/bisaselektrik.com\/wp-content\/uploads\/2025\/08\/Varol-izolasyon-sivisi-Motor-bobinaj-vernigi.png\" alt=\"VR 101 \u0130zolasyon Vernik - B\u00fcy\u00fck G\u00f6rsel\">\n<\/div>\n\n<script>\n  const lightbox = document.getElementById(\"lightbox\");\n  const resimKucuk = document.getElementById(\"resimKucuk\");\n\n  resimKucuk.addEventListener(\"click\", () => {\n    lightbox.style.display = \"flex\";\n  });\n\n  lightbox.addEventListener(\"click\", (e) => {\n    if (e.target === lightbox) {\n      lightbox.style.display = \"none\";\n    }\n  });\n<\/script>\n\n<\/body>\n<\/html>\n\n","protected":false},"excerpt":{"rendered":"<p>Teknik \u00d6zellikler Stok Kod No VR 101 Tipi Kimyasal re\u00e7inelerden haz\u0131rlanm\u0131\u015f hava kurumal\u0131 klasik motor bobinaj izolasyon verni\u011fidir. Kat\u0131 Madde % 28 (\u00b12) a\u011f\u0131rl\u0131k\u00e7a (DIN 53216) Viskosite 20\u00b0 C\u2019de, 50 sn. DIN CUP 4 (DIN 53211) Yo\u011funluk 0,900 gr\/cm\u00b3 20\u00ba C\u2019de (DIN 51757) \u0130nceltme \u015eekli B\u0130SA\u015e RP-100 \u0130ncelticisi Uygulama \u015eekli Dald\u0131rma, f\u0131r\u00e7a, vakum emprenye Uygulama&hellip;<\/p>\n","protected":false},"author":1,"featured_media":0,"parent":0,"menu_order":0,"comment_status":"closed","ping_status":"closed","template":"","meta":{"footnotes":""},"class_list":["post-295","page","type-page","status-publish","hentry"],"_links":{"self":[{"href":"https:\/\/bisaselektrik.com\/index.php\/wp-json\/wp\/v2\/pages\/295","targetHints":{"allow":["GET"]}}],"collection":[{"href":"https:\/\/bisaselektrik.com\/index.php\/wp-json\/wp\/v2\/pages"}],"about":[{"href":"https:\/\/bisaselektrik.com\/index.php\/wp-json\/wp\/v2\/types\/page"}],"author":[{"embeddable":true,"href":"https:\/\/bisaselektrik.com\/index.php\/wp-json\/wp\/v2\/users\/1"}],"replies":[{"embeddable":true,"href":"https:\/\/bisaselektrik.com\/index.php\/wp-json\/wp\/v2\/comments?post=295"}],"version-history":[{"count":4,"href":"https:\/\/bisaselektrik.com\/index.php\/wp-json\/wp\/v2\/pages\/295\/revisions"}],"predecessor-version":[{"id":744,"href":"https:\/\/bisaselektrik.com\/index.php\/wp-json\/wp\/v2\/pages\/295\/revisions\/744"}],"wp:attachment":[{"href":"https:\/\/bisaselektrik.com\/index.php\/wp-json\/wp\/v2\/media?parent=295"}],"curies":[{"name":"wp","href":"https:\/\/api.w.org\/{rel}","templated":true}]}}