{"id":1976,"date":"2025-08-23T11:11:55","date_gmt":"2025-08-23T08:11:55","guid":{"rendered":"https:\/\/bisaselektrik.com\/?page_id=1976"},"modified":"2025-08-23T11:11:55","modified_gmt":"2025-08-23T08:11:55","slug":"n-81-epoxy-recinesi-2","status":"publish","type":"page","link":"https:\/\/bisaselektrik.com\/index.php\/n-81-epoxy-recinesi-2\/","title":{"rendered":"N-81 Epoxy Re\u00e7inesi"},"content":{"rendered":"\n<!DOCTYPE html>\n<html lang=\"tr\">\n<head>\n  <meta charset=\"UTF-8\" \/>\n  <meta name=\"viewport\" content=\"width=device-width, initial-scale=1\" \/>\n  <title>N-81 Epoksi Re\u00e7inesi<\/title>\n  <style>\n    body {\n      margin: 0;\n      font-family: Arial, sans-serif;\n      background: #fff;\n    }\n    .urun-container {\n      max-width: 1000px;\n      margin: 40px auto;\n      font-size: 14px;\n      border: 1px solid #ccc;\n      padding: 15px;\n      box-sizing: border-box;\n    }\n    .urun-gorsel {\n      width: 100%;\n      max-width: 300px;\n      height: auto;\n      display: block;\n      margin-bottom: 15px;\n      border: 1px solid #ccc;\n      cursor: pointer;\n      transition: 0.3s;\n    }\n    .urun-gorsel:hover {\n      opacity: 0.85;\n    }\n    .urun-tablo {\n      width: 100%;\n      border-collapse: collapse;\n      margin-top: 15px;\n    }\n    .urun-tablo th,\n    .urun-tablo td {\n      border: 1px solid #aaa;\n      padding: 6px;\n      text-align: left;\n      vertical-align: top;\n    }\n    .urun-tablo th {\n      background-color: #f5f5f5;\n      font-weight: bold;\n      width: 35%;\n    }\n    .lightbox {\n      display: none;\n      position: fixed;\n      z-index: 1000;\n      top: 0;\n      left: 0;\n      width: 100%;\n      height: 100%;\n      background: rgba(0, 0, 0, 0.85);\n      align-items: center;\n      justify-content: center;\n    }\n    .lightbox img {\n      max-width: 90%;\n      max-height: 90%;\n      border: 4px solid white;\n      box-shadow: 0 0 10px black;\n      border-radius: 8px;\n    }\n    @media (max-width: 600px) {\n      .urun-tablo th,\n      .urun-tablo td {\n        display: block;\n        width: 100%;\n      }\n      .urun-tablo th {\n        background-color: #f0f0f0;\n      }\n    }\n  <\/style>\n<\/head>\n<body>\n  <div class=\"urun-container\">\n    <img decoding=\"async\"\n      src=\"https:\/\/bisaselektrik.com\/wp-content\/uploads\/2025\/08\/n81-epoxy-recinesi.png\"\n      alt=\"N-81 Epoksi Re\u00e7inesi\"\n      class=\"urun-gorsel\"\n      id=\"resimKucuk\"\n    \/>\n\n    <h3>\u00dcr\u00fcn A\u00e7\u0131klamas\u0131<\/h3>\n    <p>\n      N-81 Epoksi Re\u00e7inesi, iki bile\u015fenli, solvent bazl\u0131, hava kurumal\u0131, epoksi re\u00e7ine esasl\u0131 ve amin bazl\u0131 sertle\u015ftiricili bir sistemdir. Y\u00fcksek \u0131s\u0131 dayan\u0131m\u0131, g\u00fc\u00e7l\u00fc yap\u0131\u015fma \u00f6zelli\u011fi ve \u00fcst\u00fcn mekanik\/kimyasal diren\u00e7 sunar.\n    <\/p>\n\n    <h3>Teknik Veriler<\/h3>\n    <table class=\"urun-tablo\">\n      <tr><th>Stok Kodu<\/th><td>BK N-81<\/td><\/tr>\n      <tr><th>Tip Alan\u0131<\/th><td>\u0130ki bile\u015fenli solvent bazl\u0131, hava kurumal\u0131, epoksi re\u00e7ine esasl\u0131, amin bazl\u0131 sertle\u015ftiricili sistem<\/td><\/tr>\n      <tr><th>Kat\u0131 Madde<\/th><td>%100<\/td><\/tr>\n      <tr><th>Yo\u011funluk<\/th><td>1.12 \u00b10,05 gr\/cm\u00b3 (20\u00b0C)<\/td><\/tr>\n      <tr><th>\u0130zolasyon S\u0131n\u0131f\u0131<\/th><td>H-C s\u0131n\u0131f\u0131<\/td><\/tr>\n      <tr><th>Is\u0131 Dayan\u0131m\u0131<\/th><td>180\u00b0C &#8211; 250\u00b0C<\/td><\/tr>\n      <tr><th>Renk<\/th><td>A Bile\u015feni: Gri Kemik, B Bile\u015feni: \u015eeffaf<\/td><\/tr>\n      <tr><th>Uygulama Alan\u0131<\/th><td>Elektrik motorlar\u0131 sarg\u0131lar\u0131, al\u00e7ak-orta-y\u00fcksek gerilim trafolar\u0131<\/td><\/tr>\n      <tr><th>Uygulama \u015eekli<\/th><td>A bile\u015feni kar\u0131\u015ft\u0131r\u0131l\u0131r, ard\u0131ndan B bile\u015feni eklenip homojen kar\u0131\u015ft\u0131r\u0131l\u0131r. 15 dk i\u00e7inde kullan\u0131lmal\u0131d\u0131r. Temiz y\u00fczeye d\u00f6kme y\u00f6ntemi ile uygulan\u0131r.<\/td><\/tr>\n      <tr><th>Elektriksel Dayan\u0131m\u0131<\/th><td>1 mm\u2019de 36 kV<\/td><\/tr>\n      <tr><th>Kuruma Zaman\u0131<\/th><td>20\u00b0C\u2019de y\u00fczeysel kuruma: 2 saat. \u0130lk sertle\u015fme: 12 saat. Tam kuruma: 24 saat.<\/td><\/tr>\n      <tr><th>Kar\u0131\u015f\u0131m Oran\u0131<\/th><td>7 k\u0131s\u0131m re\u00e7ine : 1 k\u0131s\u0131m sertle\u015ftirici (a\u011f\u0131rl\u0131k\u00e7a)<\/td><\/tr>\n      <tr><th>Kar\u0131\u015f\u0131m \u00d6mr\u00fc<\/th><td>15-20 dakika (A bile\u015fen: 7kg, B bile\u015fen: 1kg)<\/td><\/tr>\n      <tr><th>Is\u0131l \u0130letim Katsay\u0131s\u0131<\/th><td>1.3 W\/m\u00b7K<\/td><\/tr>\n      <tr><th>Is\u0131l Ge\u00e7irgenlik Katsay\u0131s\u0131<\/th><td>0.35 W\/m\u00b7K<\/td><\/tr>\n      <tr><th>\u00d6zellikleri<\/th><td>Solvent bazl\u0131d\u0131r, y\u00fczeye g\u00fc\u00e7l\u00fc yap\u0131\u015f\u0131r, parlak ve sert y\u00fczey olu\u015fturur. Mekanik ve kimyasal dayan\u0131m\u0131 y\u00fcksektir.<\/td><\/tr>\n      <tr><th>Depolama<\/th><td>+10\u00b0C ile +40\u00b0C aras\u0131, kapal\u0131 ve nemsiz ortamda. Raf \u00f6mr\u00fc: 6 ay.<\/td><\/tr>\n      <tr><th>Ambalaj<\/th><td>A bile\u015feni: 4.600 g, B bile\u015feni: 650 g<\/td><\/tr>\n    <\/table>\n  <\/div>\n\n  <!-- Lightbox -->\n  <div class=\"lightbox\" id=\"lightbox\">\n    <img decoding=\"async\"\n      src=\"https:\/\/bisaselektrik.com\/wp-content\/uploads\/2025\/08\/n81-epoxy-recinesi.png\"\n      alt=\"N-81 Epoksi Re\u00e7inesi B\u00fcy\u00fck G\u00f6rsel\"\n    \/>\n  <\/div>\n\n  <script>\n    const lightbox = document.getElementById(\"lightbox\");\n    const resimKucuk = document.getElementById(\"resimKucuk\");\n\n    resimKucuk.addEventListener(\"click\", () => {\n      lightbox.style.display = \"flex\";\n    });\n\n    lightbox.addEventListener(\"click\", (e) => {\n      if (e.target === lightbox) {\n        lightbox.style.display = \"none\";\n      }\n    });\n\n    document.addEventListener(\"keydown\", (e) => {\n      if (e.key === \"Escape\") {\n        lightbox.style.display = \"none\";\n      }\n    });\n  <\/script>\n<\/body>\n<\/html>\n\n","protected":false},"excerpt":{"rendered":"<p>N-81 Epoksi Re\u00e7inesi \u00dcr\u00fcn A\u00e7\u0131klamas\u0131 N-81 Epoksi Re\u00e7inesi, iki bile\u015fenli, solvent bazl\u0131, hava kurumal\u0131, epoksi re\u00e7ine esasl\u0131 ve amin bazl\u0131 sertle\u015ftiricili bir sistemdir. Y\u00fcksek \u0131s\u0131 dayan\u0131m\u0131, g\u00fc\u00e7l\u00fc yap\u0131\u015fma \u00f6zelli\u011fi ve \u00fcst\u00fcn mekanik\/kimyasal diren\u00e7 sunar. Teknik Veriler Stok Kodu BK N-81 Tip Alan\u0131 \u0130ki bile\u015fenli solvent bazl\u0131, hava kurumal\u0131, epoksi re\u00e7ine esasl\u0131, amin bazl\u0131 sertle\u015ftiricili sistem&hellip;<\/p>\n","protected":false},"author":1,"featured_media":0,"parent":0,"menu_order":0,"comment_status":"closed","ping_status":"closed","template":"","meta":{"footnotes":""},"class_list":["post-1976","page","type-page","status-publish","hentry"],"_links":{"self":[{"href":"https:\/\/bisaselektrik.com\/index.php\/wp-json\/wp\/v2\/pages\/1976","targetHints":{"allow":["GET"]}}],"collection":[{"href":"https:\/\/bisaselektrik.com\/index.php\/wp-json\/wp\/v2\/pages"}],"about":[{"href":"https:\/\/bisaselektrik.com\/index.php\/wp-json\/wp\/v2\/types\/page"}],"author":[{"embeddable":true,"href":"https:\/\/bisaselektrik.com\/index.php\/wp-json\/wp\/v2\/users\/1"}],"replies":[{"embeddable":true,"href":"https:\/\/bisaselektrik.com\/index.php\/wp-json\/wp\/v2\/comments?post=1976"}],"version-history":[{"count":1,"href":"https:\/\/bisaselektrik.com\/index.php\/wp-json\/wp\/v2\/pages\/1976\/revisions"}],"predecessor-version":[{"id":1977,"href":"https:\/\/bisaselektrik.com\/index.php\/wp-json\/wp\/v2\/pages\/1976\/revisions\/1977"}],"wp:attachment":[{"href":"https:\/\/bisaselektrik.com\/index.php\/wp-json\/wp\/v2\/media?parent=1976"}],"curies":[{"name":"wp","href":"https:\/\/api.w.org\/{rel}","templated":true}]}}