{"id":1345,"date":"2025-08-09T22:07:06","date_gmt":"2025-08-09T19:07:06","guid":{"rendered":"https:\/\/bisaselektrik.com\/?page_id=1345"},"modified":"2025-08-09T22:07:06","modified_gmt":"2025-08-09T19:07:06","slug":"n-81-epoxy-recinesi","status":"publish","type":"page","link":"https:\/\/bisaselektrik.com\/index.php\/n-81-epoxy-recinesi\/","title":{"rendered":"N-81 Epoxy Re\u00e7inesi"},"content":{"rendered":"\n<!DOCTYPE html>\n<html lang=\"tr\">\n<head>\n  <meta charset=\"UTF-8\" \/>\n  <meta name=\"viewport\" content=\"width=device-width, initial-scale=1\" \/>\n  <title>T-39 Epoxy Re\u00e7inesi<\/title>\n  <style>\n    body {\n      margin: 0;\n      font-family: Arial, sans-serif;\n    }\n    .urun-container {\n      max-width: 900px;\n      margin: 40px auto;\n      font-size: 14px;\n      border: 1px solid #ccc;\n      padding: 15px;\n      box-sizing: border-box;\n      background: #fff;\n    }\n    .urun-gorsel {\n      width: 100%;\n      max-width: 300px;\n      height: auto;\n      display: block;\n      margin-bottom: 15px;\n      border: 1px solid #ccc;\n      cursor: pointer;\n      transition: 0.3s;\n    }\n    .urun-gorsel:hover {\n      opacity: 0.85;\n    }\n    .urun-tablo {\n      width: 100%;\n      border-collapse: collapse;\n    }\n    .urun-tablo th,\n    .urun-tablo td {\n      border: 1px solid #aaa;\n      padding: 8px;\n      text-align: left;\n    }\n    .urun-tablo th {\n      background-color: #f5f5f5;\n      font-weight: bold;\n      width: 30%;\n    }\n    \/* Lightbox *\/\n    .lightbox {\n      display: none;\n      position: fixed;\n      z-index: 1000;\n      top: 0;\n      left: 0;\n      width: 100%;\n      height: 100%;\n      background: rgba(0, 0, 0, 0.85);\n      align-items: center;\n      justify-content: center;\n    }\n    .lightbox img {\n      max-width: 90%;\n      max-height: 90%;\n      border: 4px solid white;\n      box-shadow: 0 0 10px black;\n    }\n    @media (min-width: 768px) {\n      .lightbox img {\n        max-width: 600px;\n      }\n    }\n    @media (max-width: 600px) {\n      .urun-container {\n        padding: 10px;\n      }\n      .urun-tablo th,\n      .urun-tablo td {\n        display: block;\n        width: 100%;\n      }\n      .urun-tablo th {\n        background-color: #f0f0f0;\n      }\n    }\n  <\/style>\n<\/head>\n<body>\n  <div class=\"urun-container\">\n    <img decoding=\"async\"\n      src=\"https:\/\/bisaselektrik.com\/wp-content\/uploads\/2025\/08\/n81-epoxy-recinesi.png\"\n      alt=\"T-39 Epoxy Re\u00e7inesi\"\n      class=\"urun-gorsel\"\n      id=\"resimKucuk\"\n    \/>\n    <table class=\"urun-tablo\">\n      <tr><th colspan=\"2\">Teknik \u00d6zellikler<\/th><\/tr>\n      <tr><th>Stok Kod No<\/th><td>T-39<\/td><\/tr>\n      <tr><th>Tip Alan\u0131<\/th><td>\u0130ki bile\u015fenli solvent bazl\u0131, hava kurumal\u0131, epoksi re\u00e7ine esasl\u0131, amin bazl\u0131 sertle\u015ftiricili sistemdir.<\/td><\/tr>\n      <tr><th>Kat\u0131 Madde<\/th><td>% 100<\/td><\/tr>\n      <tr><th>\u0130zolasyon S\u0131n\u0131f\u0131<\/th><td>C S\u0131n\u0131f\u0131<\/td><\/tr>\n      <tr><th>Is\u0131 Dayan\u0131m\u0131<\/th><td>+200\u00ba C S\u00fcrekli \u00e7al\u0131\u015fma dayan\u0131m\u0131<\/td><\/tr>\n      <tr><th>Renk<\/th><td>A Bile\u015feni Gri Kemik Rengi , B Bile\u015feni \u015eeffaf<\/td><\/tr>\n      <tr><th>Uygulama Alan\u0131<\/th><td>Elektrik motorlar\u0131n\u0131n sarg\u0131lar\u0131nda, al\u00e7ak, orta ve y\u00fcksek boy g\u00fc\u00e7 trafolar\u0131nda,<\/td><\/tr>\n      <tr><th>Uygulama \u015eekli<\/th><td>Oda s\u0131cakl\u0131\u011f\u0131nda A bile\u015feni \u00f6ncelikle kar\u0131\u015ft\u0131r\u0131l\u0131r, sonra B bile\u015fenin i\u00e7ine kat\u0131larak tam homojen olana kadar kar\u0131\u015ft\u0131r\u0131l\u0131r. Bu kar\u0131\u015f\u0131m 15 dk. i\u00e7inde kullan\u0131lmal\u0131d\u0131r. \u00d6nceden temizlenmi\u015f y\u00fczeye d\u00f6kme y\u00f6ntemi ile uygulan\u0131r.<\/td><\/tr>\n      <tr><th>Elektriksel Dayan\u0131m\u0131<\/th><td>1 mm de 36 kV<\/td><\/tr>\n      <tr><th>Kuruma Zaman\u0131<\/th><td>20\u00ba C oda s\u0131cakl\u0131\u011f\u0131nda yakla\u015f\u0131k 2 saat sonra y\u00fczeysel kuruma ger\u00e7ekle\u015fir. \u0130lk sertle\u015fme ve \u00fcst\u00fcne yeniden uygulama s\u00fcresi 12 saattir. Tam kuruma ve m\u00fckemmel sertle\u015fme s\u00fcresi bir g\u00fcnd\u00fcr.<\/td><\/tr>\n      <tr><th>Kuruma Oran\u0131<\/th><td>10 k\u0131s\u0131m re\u00e7ine, 1 k\u0131s\u0131m sertle\u015ftirici a\u011f\u0131rl\u0131k\u00e7a<\/td><\/tr>\n      <tr><th>Kar\u0131\u015f\u0131m \u00d6mr\u00fc<\/th><td>15-20 dakika (A bile\u015fen: 10 kg , B bile\u015fen 1 kg. a g\u00f6re)<\/td><\/tr>\n      <tr><th>\u00d6zellikleri<\/th><td>Solvent bazl\u0131d\u0131r, uygulama y\u00fczeyine kuvvetli bir \u015fekilde yap\u0131\u015f\u0131r, parlak ve sert y\u00fczeyler olu\u015fturur. Mekanik ve kimyasal a\u015f\u0131nma dayan\u0131m\u0131 y\u00fcksektir.<\/td><\/tr>\n      <tr><th>Depolama<\/th><td>C ortam s\u0131cakl\u0131\u011f\u0131nda, a\u00e7\u0131lmam\u0131\u015f ambalaj\u0131nda raf \u00f6mr\u00fc 6 ay.<\/td><\/tr>\n      <tr><th>Ambalaj<\/th><td>A bile\u015feni 10 kg, B bile\u015feni 1 kg. l\u0131k kutuda.<\/td><\/tr>\n    <\/table>\n  <\/div>\n\n  <!-- Lightbox -->\n  <div class=\"lightbox\" id=\"lightbox\">\n    <img decoding=\"async\"\n      src=\"https:\/\/bisaselektrik.com\/wp-content\/uploads\/2025\/08\/n81-epoxy-recinesi.png\"\n      alt=\"T-39 Epoxy Re\u00e7inesi - B\u00fcy\u00fck G\u00f6rsel\"\n    \/>\n  <\/div>\n\n  <script>\n    const lightbox = document.getElementById(\"lightbox\");\n    const resimKucuk = document.getElementById(\"resimKucuk\");\n\n    resimKucuk.addEventListener(\"click\", () => {\n      lightbox.style.display = \"flex\";\n    });\n\n    lightbox.addEventListener(\"click\", (e) => {\n      if (e.target === lightbox) {\n        lightbox.style.display = \"none\";\n      }\n    });\n\n    document.addEventListener(\"keydown\", (e) => {\n      if (e.key === \"Escape\") {\n        lightbox.style.display = \"none\";\n      }\n    });\n  <\/script>\n<\/body>\n<\/html>\n\n","protected":false},"excerpt":{"rendered":"<p>T-39 Epoxy Re\u00e7inesi Teknik \u00d6zellikler Stok Kod No T-39 Tip Alan\u0131 \u0130ki bile\u015fenli solvent bazl\u0131, hava kurumal\u0131, epoksi re\u00e7ine esasl\u0131, amin bazl\u0131 sertle\u015ftiricili sistemdir. Kat\u0131 Madde % 100 \u0130zolasyon S\u0131n\u0131f\u0131 C S\u0131n\u0131f\u0131 Is\u0131 Dayan\u0131m\u0131 +200\u00ba C S\u00fcrekli \u00e7al\u0131\u015fma dayan\u0131m\u0131 Renk A Bile\u015feni Gri Kemik Rengi , B Bile\u015feni \u015eeffaf Uygulama Alan\u0131 Elektrik motorlar\u0131n\u0131n sarg\u0131lar\u0131nda, al\u00e7ak,&hellip;<\/p>\n","protected":false},"author":1,"featured_media":0,"parent":0,"menu_order":0,"comment_status":"closed","ping_status":"closed","template":"","meta":{"footnotes":""},"class_list":["post-1345","page","type-page","status-publish","hentry"],"_links":{"self":[{"href":"https:\/\/bisaselektrik.com\/index.php\/wp-json\/wp\/v2\/pages\/1345","targetHints":{"allow":["GET"]}}],"collection":[{"href":"https:\/\/bisaselektrik.com\/index.php\/wp-json\/wp\/v2\/pages"}],"about":[{"href":"https:\/\/bisaselektrik.com\/index.php\/wp-json\/wp\/v2\/types\/page"}],"author":[{"embeddable":true,"href":"https:\/\/bisaselektrik.com\/index.php\/wp-json\/wp\/v2\/users\/1"}],"replies":[{"embeddable":true,"href":"https:\/\/bisaselektrik.com\/index.php\/wp-json\/wp\/v2\/comments?post=1345"}],"version-history":[{"count":1,"href":"https:\/\/bisaselektrik.com\/index.php\/wp-json\/wp\/v2\/pages\/1345\/revisions"}],"predecessor-version":[{"id":1346,"href":"https:\/\/bisaselektrik.com\/index.php\/wp-json\/wp\/v2\/pages\/1345\/revisions\/1346"}],"wp:attachment":[{"href":"https:\/\/bisaselektrik.com\/index.php\/wp-json\/wp\/v2\/media?parent=1345"}],"curies":[{"name":"wp","href":"https:\/\/api.w.org\/{rel}","templated":true}]}}