{"id":1342,"date":"2025-08-09T21:51:46","date_gmt":"2025-08-09T18:51:46","guid":{"rendered":"https:\/\/bisaselektrik.com\/?page_id=1342"},"modified":"2025-08-09T21:51:46","modified_gmt":"2025-08-09T18:51:46","slug":"bisas-elektrik-balans-macunu-2","status":"publish","type":"page","link":"https:\/\/bisaselektrik.com\/index.php\/bisas-elektrik-balans-macunu-2\/","title":{"rendered":"Bisa\u015f Elektrik Balans Macunu"},"content":{"rendered":"\n<!DOCTYPE html>\n<html lang=\"tr\">\n<head>\n  <meta charset=\"UTF-8\" \/>\n  <meta name=\"viewport\" content=\"width=device-width, initial-scale=1\" \/>\n  <title>BK 119 &#8211; Bisa\u015f Elektrik Balans Macunu<\/title>\n  <style>\n    body {\n      margin: 0;\n      font-family: Arial, sans-serif;\n    }\n    .urun-container {\n      max-width: 900px;\n      margin: 40px auto;\n      font-size: 14px;\n      border: 1px solid #ccc;\n      padding: 15px;\n      box-sizing: border-box;\n      background: #fff;\n    }\n    .urun-gorsel {\n      width: 100%;\n      max-width: 300px;\n      height: auto;\n      display: block;\n      margin-bottom: 15px;\n      border: 1px solid #ccc;\n      cursor: pointer;\n      transition: 0.3s;\n    }\n    .urun-gorsel:hover {\n      opacity: 0.85;\n    }\n    .urun-tablo {\n      width: 100%;\n      border-collapse: collapse;\n    }\n    .urun-tablo th,\n    .urun-tablo td {\n      border: 1px solid #aaa;\n      padding: 8px;\n      text-align: left;\n    }\n    .urun-tablo th {\n      background-color: #f5f5f5;\n      font-weight: bold;\n      width: 30%;\n    }\n    \/* Lightbox *\/\n    .lightbox {\n      display: none;\n      position: fixed;\n      z-index: 1000;\n      top: 0;\n      left: 0;\n      width: 100%;\n      height: 100%;\n      background: rgba(0, 0, 0, 0.85);\n      align-items: center;\n      justify-content: center;\n    }\n    .lightbox img {\n      max-width: 90%;\n      max-height: 90%;\n      border: 4px solid white;\n      box-shadow: 0 0 10px black;\n    }\n    @media (min-width: 768px) {\n      .lightbox img {\n        max-width: 600px;\n      }\n    }\n    @media (max-width: 600px) {\n      .urun-container {\n        padding: 10px;\n      }\n      .urun-tablo th,\n      .urun-tablo td {\n        display: block;\n        width: 100%;\n      }\n      .urun-tablo th {\n        background-color: #f0f0f0;\n      }\n    }\n  <\/style>\n<\/head>\n<body>\n  <div class=\"urun-container\">\n    <img decoding=\"async\"\n      src=\"https:\/\/bisaselektrik.com\/wp-content\/uploads\/2025\/08\/bisas-elektrik-balans-macunu.png\"\n      alt=\"BK 119 Bisa\u015f Elektrik Balans Macunu\"\n      class=\"urun-gorsel\"\n      id=\"resimKucuk\"\n    \/>\n    <table class=\"urun-tablo\">\n      <tr><th colspan=\"2\">Teknik \u00d6zellikler<\/th><\/tr>\n      <tr><th>Stok Kod No<\/th><td>BK 119<\/td><\/tr>\n      <tr><th>Tip Alan\u0131<\/th><td>\u0130ki bile\u015fenli hava kurumal\u0131 epoksi malzemedir.<\/td><\/tr>\n      <tr><th>Kat\u0131 Madde<\/th><td>% 100<\/td><\/tr>\n      <tr><th>Renk<\/th><td>1. Kompenet Sar\u0131<br>2. Kompenet K\u0131rm\u0131z\u0131<\/td><\/tr>\n      <tr><th>Uygulama Alan\u0131<\/th><td>Rotor ve End\u00fcvi balans\u0131nda.<\/td><\/tr>\n      <tr><th>Uygulama \u015eekli<\/th><td>2 kompenet a\u011f\u0131rl\u0131k\u00e7a 1\/1 oran\u0131nda iyice kar\u0131\u015ft\u0131r\u0131l\u0131p kullan\u0131ma haz\u0131r hale getirilir.<\/td><\/tr>\n      <tr><th>Kuruma Zaman\u0131<\/th><td>\u0130lk kuruma oda s\u0131cakl\u0131\u011f\u0131nda 2 saat, Tam sertle\u015fmesi 5 saattir.<\/td><\/tr>\n      <tr><th>Kuruma Oran\u0131<\/th><td>1\/1 oran\u0131nda.<\/td><\/tr>\n      <tr><th>Kar\u0131\u015f\u0131m \u00d6mr\u00fc<\/th><td>15 dakika<\/td><\/tr>\n      <tr><th>Tatbikat\u0131<\/th><td>Uygulanacak y\u00fczey temizlenmeli. Ya\u011f, kir gibi etkenlerden ar\u0131nd\u0131r\u0131lm\u0131\u015f olmal\u0131.<\/td><\/tr>\n      <tr><th>\u00d6zellikleri<\/th><td>Uygulama y\u00fczeyine kuvvetli bir \u015fekilde yap\u0131\u015f\u0131r.<\/td><\/tr>\n      <tr><th>Depolama<\/th><td>Uygun depolama \u015fartlar\u0131nda 1 y\u0131ld\u0131r.<\/td><\/tr>\n      <tr><th>Ambalaj<\/th><td>1 ve 5 kg. l\u0131k kutuda<\/td><\/tr>\n    <\/table>\n  <\/div>\n\n  <!-- Lightbox -->\n  <div class=\"lightbox\" id=\"lightbox\">\n    <img decoding=\"async\"\n      src=\"https:\/\/bisaselektrik.com\/wp-content\/uploads\/2025\/08\/bisas-elektrik-balans-macunu.png\"\n      alt=\"BK 119 Bisa\u015f Elektrik Balans Macunu - B\u00fcy\u00fck G\u00f6rsel\"\n    \/>\n  <\/div>\n\n  <script>\n    const lightbox = document.getElementById(\"lightbox\");\n    const resimKucuk = document.getElementById(\"resimKucuk\");\n\n    resimKucuk.addEventListener(\"click\", () => {\n      lightbox.style.display = \"flex\";\n    });\n\n    lightbox.addEventListener(\"click\", (e) => {\n      if (e.target === lightbox) {\n        lightbox.style.display = \"none\";\n      }\n    });\n\n    document.addEventListener(\"keydown\", (e) => {\n      if (e.key === \"Escape\") {\n        lightbox.style.display = \"none\";\n      }\n    });\n  <\/script>\n<\/body>\n<\/html>\n\n","protected":false},"excerpt":{"rendered":"<p>BK 119 &#8211; Bisa\u015f Elektrik Balans Macunu Teknik \u00d6zellikler Stok Kod No BK 119 Tip Alan\u0131 \u0130ki bile\u015fenli hava kurumal\u0131 epoksi malzemedir. Kat\u0131 Madde % 100 Renk 1. Kompenet Sar\u01312. Kompenet K\u0131rm\u0131z\u0131 Uygulama Alan\u0131 Rotor ve End\u00fcvi balans\u0131nda. Uygulama \u015eekli 2 kompenet a\u011f\u0131rl\u0131k\u00e7a 1\/1 oran\u0131nda iyice kar\u0131\u015ft\u0131r\u0131l\u0131p kullan\u0131ma haz\u0131r hale getirilir. Kuruma Zaman\u0131 \u0130lk kuruma&hellip;<\/p>\n","protected":false},"author":1,"featured_media":0,"parent":0,"menu_order":0,"comment_status":"closed","ping_status":"closed","template":"","meta":{"footnotes":""},"class_list":["post-1342","page","type-page","status-publish","hentry"],"_links":{"self":[{"href":"https:\/\/bisaselektrik.com\/index.php\/wp-json\/wp\/v2\/pages\/1342","targetHints":{"allow":["GET"]}}],"collection":[{"href":"https:\/\/bisaselektrik.com\/index.php\/wp-json\/wp\/v2\/pages"}],"about":[{"href":"https:\/\/bisaselektrik.com\/index.php\/wp-json\/wp\/v2\/types\/page"}],"author":[{"embeddable":true,"href":"https:\/\/bisaselektrik.com\/index.php\/wp-json\/wp\/v2\/users\/1"}],"replies":[{"embeddable":true,"href":"https:\/\/bisaselektrik.com\/index.php\/wp-json\/wp\/v2\/comments?post=1342"}],"version-history":[{"count":1,"href":"https:\/\/bisaselektrik.com\/index.php\/wp-json\/wp\/v2\/pages\/1342\/revisions"}],"predecessor-version":[{"id":1343,"href":"https:\/\/bisaselektrik.com\/index.php\/wp-json\/wp\/v2\/pages\/1342\/revisions\/1343"}],"wp:attachment":[{"href":"https:\/\/bisaselektrik.com\/index.php\/wp-json\/wp\/v2\/media?parent=1342"}],"curies":[{"name":"wp","href":"https:\/\/api.w.org\/{rel}","templated":true}]}}