{"id":1335,"date":"2025-08-09T21:40:28","date_gmt":"2025-08-09T18:40:28","guid":{"rendered":"https:\/\/bisaselektrik.com\/?page_id=1335"},"modified":"2025-08-09T21:40:28","modified_gmt":"2025-08-09T18:40:28","slug":"bisaslak-hava-kurumali-motor-izolasyon-laki-3","status":"publish","type":"page","link":"https:\/\/bisaselektrik.com\/index.php\/bisaslak-hava-kurumali-motor-izolasyon-laki-3\/","title":{"rendered":"Bisa\u015flak Hava Kurumal\u0131 Motor \u0130zolasyon Lak\u0131"},"content":{"rendered":"\n<!DOCTYPE html>\n<html lang=\"tr\">\n<head>\n  <meta charset=\"UTF-8\">\n  <meta name=\"viewport\" content=\"width=device-width, initial-scale=1\">\n  <title>BK 101 &#8211; Bisa\u015flak Hava Kurumal\u0131 Motor \u0130zolasyon Lak\u0131<\/title>\n  <style>\n    body {\n      margin: 0;\n      font-family: Arial, sans-serif;\n    }\n\n    .urun-container {\n      max-width: 900px;\n      margin: 40px auto;\n      font-size: 14px;\n      border: 1px solid #ccc;\n      padding: 15px;\n      box-sizing: border-box;\n      background: #fff;\n    }\n\n    .urun-gorsel {\n      width: 100%;\n      max-width: 300px;\n      height: auto;\n      display: block;\n      margin-bottom: 15px;\n      border: 1px solid #ccc;\n      cursor: pointer;\n      transition: 0.3s;\n    }\n\n    .urun-gorsel:hover {\n      opacity: 0.85;\n    }\n\n    .urun-tablo {\n      width: 100%;\n      border-collapse: collapse;\n    }\n\n    .urun-tablo th,\n    .urun-tablo td {\n      border: 1px solid #aaa;\n      padding: 8px;\n      text-align: left;\n    }\n\n    .urun-tablo th {\n      background-color: #f5f5f5;\n      font-weight: bold;\n      width: 30%;\n    }\n\n    \/* Lightbox *\/\n    .lightbox {\n      display: none;\n      position: fixed;\n      z-index: 1000;\n      top: 0;\n      left: 0;\n      width: 100%;\n      height: 100%;\n      background: rgba(0, 0, 0, 0.85);\n      align-items: center;\n      justify-content: center;\n    }\n\n    .lightbox img {\n      max-width: 90%;\n      max-height: 90%;\n      border: 4px solid white;\n      box-shadow: 0 0 10px black;\n    }\n\n    @media (min-width: 768px) {\n      .lightbox img {\n        max-width: 600px;\n      }\n    }\n\n    @media (max-width: 600px) {\n      .urun-container {\n        padding: 10px;\n      }\n\n      .urun-tablo th,\n      .urun-tablo td {\n        display: block;\n        width: 100%;\n      }\n\n      .urun-tablo th {\n        background-color: #f0f0f0;\n      }\n    }\n  <\/style>\n<\/head>\n<body>\n\n<div class=\"urun-container\">\n  <img decoding=\"async\" src=\"https:\/\/bisaselektrik.com\/wp-content\/uploads\/2025\/08\/bisaslak-Hava-kurumali-motor-izolasyon-laki.png\" \n       alt=\"BK-101 Bisa\u015flak Hava Kurumal\u0131 Motor \u0130zolasyon Lak\u0131\" \n       class=\"urun-gorsel\" id=\"resimKucuk\">\n\n  <table class=\"urun-tablo\">\n    <tr><th colspan=\"2\">Teknik \u00d6zellikler<\/th><\/tr>\n    <tr><th>Stok Kod No<\/th><td>BK 101<\/td><\/tr>\n    <tr><th>Tipi<\/th><td>Modifiye alkid rezin bazl\u0131 hava kurumal\u0131 izolasyon verni\u011fidir.<\/td><\/tr>\n    <tr><th>Kat\u0131 Madde<\/th><td>% 50 (\u00b15) a\u011f\u0131rl\u0131k\u00e7a (DIN 53216)<\/td><\/tr>\n    <tr><th>Viskozite<\/th><td>20\u00b0C\u2019de 120 sn. DIN CUP 4 (DIN 53211)<\/td><\/tr>\n    <tr><th>Yo\u011funluk<\/th><td>0,900 gr\/cm\u00b3 (20\u00b0C, DIN 51757)<\/td><\/tr>\n    <tr><th>\u0130nceltme \u015eekli<\/th><td>B\u0130SA\u015e RP-100 \u0130ncelticisi<\/td><\/tr>\n    <tr><th>Uygulama \u015eekli<\/th><td>Pistole, dald\u0131rma, f\u0131r\u00e7a<\/td><\/tr>\n    <tr><th>Uygulama Alan\u0131<\/th><td>Al\u00e7ak ve orta gerilim motor bobinaj\u0131nda, k\u00fc\u00e7\u00fck ve orta boy trafolar\u0131n izolasyonunda kullan\u0131l\u0131r.<\/td><\/tr>\n    <tr><th>Is\u0131 Dayan\u0131m\u0131<\/th><td>155\u00baC s\u0131cakl\u0131\u011fa mukavemettedir.<\/td><\/tr>\n    <tr><th>Elektriksel Dayan\u0131m\u0131<\/th><td>1 mm&#8217;de minimum 6 kV\/mm, maksimum 8 kV delinme dayan\u0131m\u0131<\/td><\/tr>\n    <tr><th>Renk<\/th><td>Renksiz, saydam<\/td><\/tr>\n    <tr><th>Kuruma Zaman\u0131<\/th><td>Oda s\u0131cakl\u0131\u011f\u0131nda \u00f6n kuruma 30 dakika; esnek, sert tam kuruma s\u00fcreci 4 saat<\/td><\/tr>\n    <tr><th>\u00d6zellikleri<\/th><td>\u2022 Dald\u0131rmayla uygulama yap\u0131ld\u0131\u011f\u0131nda haznede kabuk yapmaz<br>\n                               \u2022 Kullan\u0131lan malzemede yo\u011funla\u015fma varsa 70\u00baC\u2019de 1 saat f\u0131r\u0131nlama tavsiye edilir<br>\n                               \u2022 Rutubete kar\u015f\u0131 dayan\u0131kl\u0131d\u0131r<br>\n                               \u2022 Termoplast \u00f6zelli\u011finden dolay\u0131 \u0131s\u0131n\u0131p so\u011fumaya kar\u015f\u0131 dayan\u0131kl\u0131d\u0131r<\/td><\/tr>\n    <tr><th>Depolama<\/th><td>Uygun depolama \u015fartlar\u0131nda 1 y\u0131l<\/td><\/tr>\n    <tr><th>Ambalaj<\/th><td>1, 4, 17 kg teneke<\/td><\/tr>\n  <\/table>\n<\/div>\n\n<!-- Lightbox -->\n<div class=\"lightbox\" id=\"lightbox\">\n  <img decoding=\"async\" src=\"https:\/\/bisaselektrik.com\/wp-content\/uploads\/2025\/08\/bisaslak-Hava-kurumali-motor-izolasyon-laki.png\" \n       alt=\"BK-101 Bisa\u015flak Hava Kurumal\u0131 Motor \u0130zolasyon Lak\u0131 - B\u00fcy\u00fck G\u00f6rsel\">\n<\/div>\n\n<script>\n  const lightbox = document.getElementById(\"lightbox\");\n  const resimKucuk = document.getElementById(\"resimKucuk\");\n\n  resimKucuk.addEventListener(\"click\", () => {\n    lightbox.style.display = \"flex\";\n  });\n\n  lightbox.addEventListener(\"click\", (e) => {\n    if (e.target === lightbox) {\n      lightbox.style.display = \"none\";\n    }\n  });\n\n  document.addEventListener(\"keydown\", (e) => {\n    if (e.key === \"Escape\") {\n      lightbox.style.display = \"none\";\n    }\n  });\n<\/script>\n\n<\/body>\n<\/html>\n\n","protected":false},"excerpt":{"rendered":"<p>BK 101 &#8211; Bisa\u015flak Hava Kurumal\u0131 Motor \u0130zolasyon Lak\u0131 Teknik \u00d6zellikler Stok Kod No BK 101 Tipi Modifiye alkid rezin bazl\u0131 hava kurumal\u0131 izolasyon verni\u011fidir. Kat\u0131 Madde % 50 (\u00b15) a\u011f\u0131rl\u0131k\u00e7a (DIN 53216) Viskozite 20\u00b0C\u2019de 120 sn. DIN CUP 4 (DIN 53211) Yo\u011funluk 0,900 gr\/cm\u00b3 (20\u00b0C, DIN 51757) \u0130nceltme \u015eekli B\u0130SA\u015e RP-100 \u0130ncelticisi Uygulama \u015eekli&hellip;<\/p>\n","protected":false},"author":1,"featured_media":0,"parent":0,"menu_order":0,"comment_status":"closed","ping_status":"closed","template":"","meta":{"footnotes":""},"class_list":["post-1335","page","type-page","status-publish","hentry"],"_links":{"self":[{"href":"https:\/\/bisaselektrik.com\/index.php\/wp-json\/wp\/v2\/pages\/1335","targetHints":{"allow":["GET"]}}],"collection":[{"href":"https:\/\/bisaselektrik.com\/index.php\/wp-json\/wp\/v2\/pages"}],"about":[{"href":"https:\/\/bisaselektrik.com\/index.php\/wp-json\/wp\/v2\/types\/page"}],"author":[{"embeddable":true,"href":"https:\/\/bisaselektrik.com\/index.php\/wp-json\/wp\/v2\/users\/1"}],"replies":[{"embeddable":true,"href":"https:\/\/bisaselektrik.com\/index.php\/wp-json\/wp\/v2\/comments?post=1335"}],"version-history":[{"count":1,"href":"https:\/\/bisaselektrik.com\/index.php\/wp-json\/wp\/v2\/pages\/1335\/revisions"}],"predecessor-version":[{"id":1339,"href":"https:\/\/bisaselektrik.com\/index.php\/wp-json\/wp\/v2\/pages\/1335\/revisions\/1339"}],"wp:attachment":[{"href":"https:\/\/bisaselektrik.com\/index.php\/wp-json\/wp\/v2\/media?parent=1335"}],"curies":[{"name":"wp","href":"https:\/\/api.w.org\/{rel}","templated":true}]}}